{"id":3235,"date":"2026-03-08T03:30:04","date_gmt":"2026-03-08T03:30:04","guid":{"rendered":"https:\/\/broadbuy.shop\/?post_type=product&#038;p=3235"},"modified":"2026-03-08T03:41:16","modified_gmt":"2026-03-08T03:41:16","slug":"pulidor-de-coche-inalmbrico-equipado-con-con-2-bateras-8-velocidades-ajustables-adecuado-para-pulir-y-lijar-compatible-con-con-bateras-automotrices-y-marinas","status":"publish","type":"product","link":"https:\/\/broadbuy.shop\/es\/producto\/pulidor-de-coche-inalmbrico-equipado-con-con-2-bateras-8-velocidades-ajustables-adecuado-para-pulir-y-lijar-compatible-con-con-bateras-automotrices-y-marinas\/","title":{"rendered":"Pulidor de coche inalambrico, equipado con 2 baterias, 8 velocidades ajustables, adecuado para pulir y lijar, compatible con baterias automotrices y marinas."},"content":{"rendered":"<div data-elementor-type=\"product-post\" data-elementor-id=\"3235\" class=\"elementor elementor-3235\" data-elementor-post-type=\"product\">\n\t\t\t\t<div class=\"elementor-element elementor-element-3f2588c8 e-flex e-con-boxed e-con e-parent\" data-id=\"3f2588c8\" data-element_type=\"container\" data-settings=\"{&quot;ekit_has_onepagescroll_dot&quot;:&quot;yes&quot;}\">\n\t\t\t\t\t<div class=\"e-con-inner\">\n\t\t\t\t<div class=\"elementor-element elementor-element-6a472b85 elementor-widget elementor-widget-image\" data-id=\"6a472b85\" data-element_type=\"widget\" data-settings=\"{&quot;ekit_we_effect_on&quot;:&quot;none&quot;}\" data-widget_type=\"image.default\">\n\t\t\t\t<div class=\"elementor-widget-container\">\n\t\t\t\t\t\t\t\t\t\t\t\t\t\t\t<img fetchpriority=\"high\" decoding=\"async\" width=\"800\" height=\"800\" src=\"https:\/\/broadbuy.shop\/wp-content\/uploads\/2026\/03\/S50730c1f1f6b4f0dadd018f6e4e93087J.webp\" class=\"attachment-large size-large wp-image-3246 wvs-archive-product-image\" alt=\"\" srcset=\"https:\/\/broadbuy.shop\/wp-content\/uploads\/2026\/03\/S50730c1f1f6b4f0dadd018f6e4e93087J.webp 800w, https:\/\/broadbuy.shop\/wp-content\/uploads\/2026\/03\/S50730c1f1f6b4f0dadd018f6e4e93087J-300x300.webp 300w, https:\/\/broadbuy.shop\/wp-content\/uploads\/2026\/03\/S50730c1f1f6b4f0dadd018f6e4e93087J-150x150.webp 150w, https:\/\/broadbuy.shop\/wp-content\/uploads\/2026\/03\/S50730c1f1f6b4f0dadd018f6e4e93087J-768x768.webp 768w, https:\/\/broadbuy.shop\/wp-content\/uploads\/2026\/03\/S50730c1f1f6b4f0dadd018f6e4e93087J-12x12.webp 12w, https:\/\/broadbuy.shop\/wp-content\/uploads\/2026\/03\/S50730c1f1f6b4f0dadd018f6e4e93087J-110x110.webp 110w, https:\/\/broadbuy.shop\/wp-content\/uploads\/2026\/03\/S50730c1f1f6b4f0dadd018f6e4e93087J-60x60.webp 60w, https:\/\/broadbuy.shop\/wp-content\/uploads\/2026\/03\/S50730c1f1f6b4f0dadd018f6e4e93087J-600x600.webp 600w, https:\/\/broadbuy.shop\/wp-content\/uploads\/2026\/03\/S50730c1f1f6b4f0dadd018f6e4e93087J-100x100.webp 100w, https:\/\/broadbuy.shop\/wp-content\/uploads\/2026\/03\/S50730c1f1f6b4f0dadd018f6e4e93087J-50x50.webp 50w\" sizes=\"(max-width: 800px) 100vw, 800px\" \/>\t\t\t\t\t\t\t\t\t\t\t\t\t\t\t<\/div>\n\t\t\t\t<\/div>\n\t\t\t\t<div class=\"elementor-element elementor-element-4c9730a8 elementor-widget elementor-widget-image\" data-id=\"4c9730a8\" data-element_type=\"widget\" data-settings=\"{&quot;ekit_we_effect_on&quot;:&quot;none&quot;}\" data-widget_type=\"image.default\">\n\t\t\t\t<div class=\"elementor-widget-container\">\n\t\t\t\t\t\t\t\t\t\t\t\t\t\t\t<img decoding=\"async\" width=\"800\" height=\"800\" src=\"https:\/\/broadbuy.shop\/wp-content\/uploads\/2026\/03\/Sd1ad584de46847bab330a0da74d440605.webp\" class=\"attachment-large size-large wp-image-3247 wvs-archive-product-image\" alt=\"\" srcset=\"https:\/\/broadbuy.shop\/wp-content\/uploads\/2026\/03\/Sd1ad584de46847bab330a0da74d440605.webp 800w, https:\/\/broadbuy.shop\/wp-content\/uploads\/2026\/03\/Sd1ad584de46847bab330a0da74d440605-300x300.webp 300w, https:\/\/broadbuy.shop\/wp-content\/uploads\/2026\/03\/Sd1ad584de46847bab330a0da74d440605-150x150.webp 150w, https:\/\/broadbuy.shop\/wp-content\/uploads\/2026\/03\/Sd1ad584de46847bab330a0da74d440605-768x768.webp 768w, https:\/\/broadbuy.shop\/wp-content\/uploads\/2026\/03\/Sd1ad584de46847bab330a0da74d440605-12x12.webp 12w, https:\/\/broadbuy.shop\/wp-content\/uploads\/2026\/03\/Sd1ad584de46847bab330a0da74d440605-110x110.webp 110w, https:\/\/broadbuy.shop\/wp-content\/uploads\/2026\/03\/Sd1ad584de46847bab330a0da74d440605-60x60.webp 60w, https:\/\/broadbuy.shop\/wp-content\/uploads\/2026\/03\/Sd1ad584de46847bab330a0da74d440605-600x600.webp 600w, https:\/\/broadbuy.shop\/wp-content\/uploads\/2026\/03\/Sd1ad584de46847bab330a0da74d440605-100x100.webp 100w, https:\/\/broadbuy.shop\/wp-content\/uploads\/2026\/03\/Sd1ad584de46847bab330a0da74d440605-50x50.webp 50w\" sizes=\"(max-width: 800px) 100vw, 800px\" \/>\t\t\t\t\t\t\t\t\t\t\t\t\t\t\t<\/div>\n\t\t\t\t<\/div>\n\t\t\t\t<div class=\"elementor-element elementor-element-24d3d25f elementor-widget elementor-widget-image\" data-id=\"24d3d25f\" data-element_type=\"widget\" data-settings=\"{&quot;ekit_we_effect_on&quot;:&quot;none&quot;}\" data-widget_type=\"image.default\">\n\t\t\t\t<div class=\"elementor-widget-container\">\n\t\t\t\t\t\t\t\t\t\t\t\t\t\t\t<img decoding=\"async\" width=\"800\" height=\"800\" src=\"https:\/\/broadbuy.shop\/wp-content\/uploads\/2026\/03\/S5f57d0ce575f4480baedd74d03453b04b.webp\" class=\"attachment-large size-large wp-image-3248 wvs-archive-product-image\" alt=\"\" srcset=\"https:\/\/broadbuy.shop\/wp-content\/uploads\/2026\/03\/S5f57d0ce575f4480baedd74d03453b04b.webp 800w, https:\/\/broadbuy.shop\/wp-content\/uploads\/2026\/03\/S5f57d0ce575f4480baedd74d03453b04b-300x300.webp 300w, https:\/\/broadbuy.shop\/wp-content\/uploads\/2026\/03\/S5f57d0ce575f4480baedd74d03453b04b-150x150.webp 150w, https:\/\/broadbuy.shop\/wp-content\/uploads\/2026\/03\/S5f57d0ce575f4480baedd74d03453b04b-768x768.webp 768w, https:\/\/broadbuy.shop\/wp-content\/uploads\/2026\/03\/S5f57d0ce575f4480baedd74d03453b04b-12x12.webp 12w, https:\/\/broadbuy.shop\/wp-content\/uploads\/2026\/03\/S5f57d0ce575f4480baedd74d03453b04b-110x110.webp 110w, https:\/\/broadbuy.shop\/wp-content\/uploads\/2026\/03\/S5f57d0ce575f4480baedd74d03453b04b-60x60.webp 60w, https:\/\/broadbuy.shop\/wp-content\/uploads\/2026\/03\/S5f57d0ce575f4480baedd74d03453b04b-600x600.webp 600w, https:\/\/broadbuy.shop\/wp-content\/uploads\/2026\/03\/S5f57d0ce575f4480baedd74d03453b04b-100x100.webp 100w, https:\/\/broadbuy.shop\/wp-content\/uploads\/2026\/03\/S5f57d0ce575f4480baedd74d03453b04b-50x50.webp 50w\" sizes=\"(max-width: 800px) 100vw, 800px\" \/>\t\t\t\t\t\t\t\t\t\t\t\t\t\t\t<\/div>\n\t\t\t\t<\/div>\n\t\t\t\t<div class=\"elementor-element elementor-element-2039880d elementor-widget elementor-widget-image\" data-id=\"2039880d\" data-element_type=\"widget\" data-settings=\"{&quot;ekit_we_effect_on&quot;:&quot;none&quot;}\" data-widget_type=\"image.default\">\n\t\t\t\t<div class=\"elementor-widget-container\">\n\t\t\t\t\t\t\t\t\t\t\t\t\t\t\t<img loading=\"lazy\" decoding=\"async\" width=\"800\" height=\"800\" src=\"https:\/\/broadbuy.shop\/wp-content\/uploads\/2026\/03\/S4e1828526d784350b45585e16dfc141ac.webp\" class=\"attachment-large size-large wp-image-3249 wvs-archive-product-image\" alt=\"\" srcset=\"https:\/\/broadbuy.shop\/wp-content\/uploads\/2026\/03\/S4e1828526d784350b45585e16dfc141ac.webp 800w, https:\/\/broadbuy.shop\/wp-content\/uploads\/2026\/03\/S4e1828526d784350b45585e16dfc141ac-300x300.webp 300w, https:\/\/broadbuy.shop\/wp-content\/uploads\/2026\/03\/S4e1828526d784350b45585e16dfc141ac-150x150.webp 150w, https:\/\/broadbuy.shop\/wp-content\/uploads\/2026\/03\/S4e1828526d784350b45585e16dfc141ac-768x768.webp 768w, https:\/\/broadbuy.shop\/wp-content\/uploads\/2026\/03\/S4e1828526d784350b45585e16dfc141ac-12x12.webp 12w, https:\/\/broadbuy.shop\/wp-content\/uploads\/2026\/03\/S4e1828526d784350b45585e16dfc141ac-110x110.webp 110w, https:\/\/broadbuy.shop\/wp-content\/uploads\/2026\/03\/S4e1828526d784350b45585e16dfc141ac-60x60.webp 60w, https:\/\/broadbuy.shop\/wp-content\/uploads\/2026\/03\/S4e1828526d784350b45585e16dfc141ac-600x600.webp 600w, https:\/\/broadbuy.shop\/wp-content\/uploads\/2026\/03\/S4e1828526d784350b45585e16dfc141ac-100x100.webp 100w, https:\/\/broadbuy.shop\/wp-content\/uploads\/2026\/03\/S4e1828526d784350b45585e16dfc141ac-50x50.webp 50w\" sizes=\"(max-width: 800px) 100vw, 800px\" \/>\t\t\t\t\t\t\t\t\t\t\t\t\t\t\t<\/div>\n\t\t\t\t<\/div>\n\t\t\t\t<div class=\"elementor-element elementor-element-26a48126 elementor-widget elementor-widget-image\" data-id=\"26a48126\" data-element_type=\"widget\" data-settings=\"{&quot;ekit_we_effect_on&quot;:&quot;none&quot;}\" data-widget_type=\"image.default\">\n\t\t\t\t<div class=\"elementor-widget-container\">\n\t\t\t\t\t\t\t\t\t\t\t\t\t\t\t<img loading=\"lazy\" decoding=\"async\" width=\"800\" height=\"800\" src=\"https:\/\/broadbuy.shop\/wp-content\/uploads\/2026\/03\/858d200c261041ca8c14e33182cb07cbtplv-t5fjg24jzw-resize-webp_800_800-1.webp\" class=\"attachment-large size-large wp-image-3250 wvs-archive-product-image\" alt=\"\" srcset=\"https:\/\/broadbuy.shop\/wp-content\/uploads\/2026\/03\/858d200c261041ca8c14e33182cb07cbtplv-t5fjg24jzw-resize-webp_800_800-1.webp 800w, https:\/\/broadbuy.shop\/wp-content\/uploads\/2026\/03\/858d200c261041ca8c14e33182cb07cbtplv-t5fjg24jzw-resize-webp_800_800-1-300x300.webp 300w, https:\/\/broadbuy.shop\/wp-content\/uploads\/2026\/03\/858d200c261041ca8c14e33182cb07cbtplv-t5fjg24jzw-resize-webp_800_800-1-150x150.webp 150w, https:\/\/broadbuy.shop\/wp-content\/uploads\/2026\/03\/858d200c261041ca8c14e33182cb07cbtplv-t5fjg24jzw-resize-webp_800_800-1-768x768.webp 768w, https:\/\/broadbuy.shop\/wp-content\/uploads\/2026\/03\/858d200c261041ca8c14e33182cb07cbtplv-t5fjg24jzw-resize-webp_800_800-1-12x12.webp 12w, https:\/\/broadbuy.shop\/wp-content\/uploads\/2026\/03\/858d200c261041ca8c14e33182cb07cbtplv-t5fjg24jzw-resize-webp_800_800-1-110x110.webp 110w, https:\/\/broadbuy.shop\/wp-content\/uploads\/2026\/03\/858d200c261041ca8c14e33182cb07cbtplv-t5fjg24jzw-resize-webp_800_800-1-60x60.webp 60w, https:\/\/broadbuy.shop\/wp-content\/uploads\/2026\/03\/858d200c261041ca8c14e33182cb07cbtplv-t5fjg24jzw-resize-webp_800_800-1-600x600.webp 600w, https:\/\/broadbuy.shop\/wp-content\/uploads\/2026\/03\/858d200c261041ca8c14e33182cb07cbtplv-t5fjg24jzw-resize-webp_800_800-1-100x100.webp 100w, https:\/\/broadbuy.shop\/wp-content\/uploads\/2026\/03\/858d200c261041ca8c14e33182cb07cbtplv-t5fjg24jzw-resize-webp_800_800-1-50x50.webp 50w\" sizes=\"(max-width: 800px) 100vw, 800px\" \/>\t\t\t\t\t\t\t\t\t\t\t\t\t\t\t<\/div>\n\t\t\t\t<\/div>\n\t\t\t\t<div class=\"elementor-element elementor-element-4744715a elementor-widget elementor-widget-image\" data-id=\"4744715a\" data-element_type=\"widget\" data-settings=\"{&quot;ekit_we_effect_on&quot;:&quot;none&quot;}\" data-widget_type=\"image.default\">\n\t\t\t\t<div class=\"elementor-widget-container\">\n\t\t\t\t\t\t\t\t\t\t\t\t\t\t\t<img loading=\"lazy\" decoding=\"async\" width=\"800\" height=\"800\" src=\"https:\/\/broadbuy.shop\/wp-content\/uploads\/2026\/03\/a1b1e40911a64292be15e6beb33d2239tplv-t5fjg24jzw-resize-webp_800_800-1.webp\" class=\"attachment-large size-large wp-image-3251 wvs-archive-product-image\" alt=\"\" srcset=\"https:\/\/broadbuy.shop\/wp-content\/uploads\/2026\/03\/a1b1e40911a64292be15e6beb33d2239tplv-t5fjg24jzw-resize-webp_800_800-1.webp 800w, https:\/\/broadbuy.shop\/wp-content\/uploads\/2026\/03\/a1b1e40911a64292be15e6beb33d2239tplv-t5fjg24jzw-resize-webp_800_800-1-300x300.webp 300w, https:\/\/broadbuy.shop\/wp-content\/uploads\/2026\/03\/a1b1e40911a64292be15e6beb33d2239tplv-t5fjg24jzw-resize-webp_800_800-1-150x150.webp 150w, https:\/\/broadbuy.shop\/wp-content\/uploads\/2026\/03\/a1b1e40911a64292be15e6beb33d2239tplv-t5fjg24jzw-resize-webp_800_800-1-768x768.webp 768w, https:\/\/broadbuy.shop\/wp-content\/uploads\/2026\/03\/a1b1e40911a64292be15e6beb33d2239tplv-t5fjg24jzw-resize-webp_800_800-1-12x12.webp 12w, https:\/\/broadbuy.shop\/wp-content\/uploads\/2026\/03\/a1b1e40911a64292be15e6beb33d2239tplv-t5fjg24jzw-resize-webp_800_800-1-110x110.webp 110w, https:\/\/broadbuy.shop\/wp-content\/uploads\/2026\/03\/a1b1e40911a64292be15e6beb33d2239tplv-t5fjg24jzw-resize-webp_800_800-1-60x60.webp 60w, https:\/\/broadbuy.shop\/wp-content\/uploads\/2026\/03\/a1b1e40911a64292be15e6beb33d2239tplv-t5fjg24jzw-resize-webp_800_800-1-600x600.webp 600w, https:\/\/broadbuy.shop\/wp-content\/uploads\/2026\/03\/a1b1e40911a64292be15e6beb33d2239tplv-t5fjg24jzw-resize-webp_800_800-1-100x100.webp 100w, https:\/\/broadbuy.shop\/wp-content\/uploads\/2026\/03\/a1b1e40911a64292be15e6beb33d2239tplv-t5fjg24jzw-resize-webp_800_800-1-50x50.webp 50w\" sizes=\"(max-width: 800px) 100vw, 800px\" \/>\t\t\t\t\t\t\t\t\t\t\t\t\t\t\t<\/div>\n\t\t\t\t<\/div>\n\t\t\t\t<div class=\"elementor-element elementor-element-279c6372 elementor-widget elementor-widget-image\" data-id=\"279c6372\" data-element_type=\"widget\" data-settings=\"{&quot;ekit_we_effect_on&quot;:&quot;none&quot;}\" data-widget_type=\"image.default\">\n\t\t\t\t<div class=\"elementor-widget-container\">\n\t\t\t\t\t\t\t\t\t\t\t\t\t\t\t<img loading=\"lazy\" decoding=\"async\" width=\"800\" height=\"800\" src=\"https:\/\/broadbuy.shop\/wp-content\/uploads\/2026\/03\/a0876ba717c64b93a40a7330a3ae73catplv-t5fjg24jzw-resize-webp_800_800-1.webp\" class=\"attachment-large size-large wp-image-3252 wvs-archive-product-image\" alt=\"\" srcset=\"https:\/\/broadbuy.shop\/wp-content\/uploads\/2026\/03\/a0876ba717c64b93a40a7330a3ae73catplv-t5fjg24jzw-resize-webp_800_800-1.webp 800w, https:\/\/broadbuy.shop\/wp-content\/uploads\/2026\/03\/a0876ba717c64b93a40a7330a3ae73catplv-t5fjg24jzw-resize-webp_800_800-1-300x300.webp 300w, https:\/\/broadbuy.shop\/wp-content\/uploads\/2026\/03\/a0876ba717c64b93a40a7330a3ae73catplv-t5fjg24jzw-resize-webp_800_800-1-150x150.webp 150w, https:\/\/broadbuy.shop\/wp-content\/uploads\/2026\/03\/a0876ba717c64b93a40a7330a3ae73catplv-t5fjg24jzw-resize-webp_800_800-1-768x768.webp 768w, https:\/\/broadbuy.shop\/wp-content\/uploads\/2026\/03\/a0876ba717c64b93a40a7330a3ae73catplv-t5fjg24jzw-resize-webp_800_800-1-12x12.webp 12w, https:\/\/broadbuy.shop\/wp-content\/uploads\/2026\/03\/a0876ba717c64b93a40a7330a3ae73catplv-t5fjg24jzw-resize-webp_800_800-1-110x110.webp 110w, https:\/\/broadbuy.shop\/wp-content\/uploads\/2026\/03\/a0876ba717c64b93a40a7330a3ae73catplv-t5fjg24jzw-resize-webp_800_800-1-60x60.webp 60w, https:\/\/broadbuy.shop\/wp-content\/uploads\/2026\/03\/a0876ba717c64b93a40a7330a3ae73catplv-t5fjg24jzw-resize-webp_800_800-1-600x600.webp 600w, https:\/\/broadbuy.shop\/wp-content\/uploads\/2026\/03\/a0876ba717c64b93a40a7330a3ae73catplv-t5fjg24jzw-resize-webp_800_800-1-100x100.webp 100w, https:\/\/broadbuy.shop\/wp-content\/uploads\/2026\/03\/a0876ba717c64b93a40a7330a3ae73catplv-t5fjg24jzw-resize-webp_800_800-1-50x50.webp 50w\" sizes=\"(max-width: 800px) 100vw, 800px\" \/>\t\t\t\t\t\t\t\t\t\t\t\t\t\t\t<\/div>\n\t\t\t\t<\/div>\n\t\t\t\t<div class=\"elementor-element elementor-element-12e921c7 elementor-widget elementor-widget-text-editor\" data-id=\"12e921c7\" data-element_type=\"widget\" data-settings=\"{&quot;ekit_we_effect_on&quot;:&quot;none&quot;}\" data-widget_type=\"text-editor.default\">\n\t\t\t\t<div class=\"elementor-widget-container\">\n\t\t\t\t\t\t\t\t\t<div class=\"elementor-widget-container\"># Informaci\u00f3n del producto\n<div class=\"product-table\"><div class=\"product-row\"><div class=\"product-label\">Caracter\u00edsticas especiales<\/div><div class=\"product-value\">Inal\u00e1mbrica, 2 bater\u00edas recargables, velocidad ajustable, pulido profesional, ergon\u00f3mica<\/div><\/div><div class=\"product-row\"><div class=\"product-label\"><strong>Color<\/strong><\/div><div class=\"product-value\"><strong>Negro<\/strong><\/div><\/div><div class=\"product-row\"><div class=\"product-label\"><strong>Marca<\/strong><\/div><div class=\"product-value\"><strong>COSTWAY<\/strong><\/div><\/div><div class=\"product-row\"><div class=\"product-label\"><strong>Dimensiones del producto<\/strong><\/div><div class=\"product-value\"><strong>14,2\u2033prof. x 5,9\u2033an. x 9,8\u2033al. pulgadas<\/strong><\/div><\/div><div class=\"product-row\"><div class=\"product-label\"><strong>Peso del art\u00edculo<\/strong><\/div><div class=\"product-value\"><strong>5.2 Libras<\/strong><\/div><\/div><div class=\"product-row\"><div class=\"product-label\"><strong>Componentes incluidos<\/strong><\/div><div class=\"product-value\"><strong>1 pulidora de coche inal\u00e1mbrica, 2 bater\u00edas de litio recargables, 1 cargador dual USB, 5 cabezales de pulido de diferentes tama\u00f1os, 1 funda de transporte, 1 manual de instrucciones (idioma espa\u00f1ol no garantizado)<\/strong><\/div><\/div><div class=\"product-row\"><div class=\"product-label\"><strong>Fabricante<\/strong><\/div><div class=\"product-value\"><strong>COSTWAY<\/strong><\/div><\/div><div class=\"product-row\"><div class=\"product-label\"><strong>ASIN<\/strong><\/div><div class=\"product-value\"><strong>BOF6NM24WN<\/strong><\/div><\/div><div class=\"product-row\"><div class=\"product-label\"><strong>N\u00famero de modelo del producto<\/strong><\/div><div class=\"product-value\"><strong>10064-CY<\/strong><\/div><\/div><div class=\"product-row\"><div class=\"product-label\"><strong>Opini\u00f3n media de los clientes<\/strong><\/div><div class=\"product-value\"><strong>4.3 \u2605\u2605\u2605\u2605\u2605 (312) 4.3 de 5 estrellas<\/strong><\/div><\/div><div class=\"product-row\"><div class=\"product-label\"><strong>Clasificaci\u00f3n en los m\u00e1s vendidos de Amazon<\/strong><\/div><div class=\"product-value\"><strong>n\u00ba14,087 en Herramientas y Mejoras del Hogar (Ver el Top 100 en Herramientas y Mejoras del Hogar) n\u00ba4 en Pulidoras de Coche Inal\u00e1mbricas<\/strong><\/div><\/div><div class=\"product-row\"><div class=\"product-label\"><strong>Producto en amazon.com desde<\/strong><\/div><div class=\"product-value\"><strong>28 de abril de 2025<\/strong><\/div><\/div><\/div>\n<style>.product-table {width: 100%;border-top: 1px solid #000;font-family: Arial, sans-serif;}\n.product-row {display: flex;border-bottom: 1px solid #000;padding: 12px 0;}\n.product-label {flex: 1;font-weight: bold;min-width: 200px;padding-right: 20px;}\n.product-value {flex: 1;min-width: 200px;}<\/style> <\/div>\t\t\t\t\t\t\t\t<\/div>\n\t\t\t\t<\/div>\n\t\t\t\t\t<\/div>\n\t\t\t\t<\/div>\n\t\t\t\t<\/div>","protected":false},"excerpt":{"rendered":"<p># Informaci\u00f3n del producto Caracter\u00edsticas especialesInal\u00e1mbrica, 2 bater\u00edas recargables, velocidad ajustable, pulido profesional, ergon\u00f3micaColorBlackMarcaCOSTWAYDimensiones del producto14,2\u2033prof. x 5,9\u2033an. x 9,8\u2033al. pulgadasPeso del art\u00edculo5.2 LibrasComponentes incluidos1 pulidora de coche inal\u00e1mbrica, 2 bater\u00edas de litio recargables, 1 cargador dual USB, 5 cabezales de pulido de diferentes tama\u00f1os, 1 funda de transporte, 1 manual de instrucciones (idioma espa\u00f1ol [&hellip;]<\/p>","protected":false},"featured_media":3236,"comment_status":"open","ping_status":"closed","template":"","meta":{"_acf_changed":false},"product_brand":[],"product_cat":[35],"product_tag":[],"class_list":{"0":"post-3235","1":"product","2":"type-product","3":"status-publish","4":"has-post-thumbnail","6":"product_cat-sale","8":"first","9":"instock","10":"sale","11":"shipping-taxable","12":"purchasable","13":"product-type-simple"},"acf":[],"_links":{"self":[{"href":"https:\/\/broadbuy.shop\/es\/wp-json\/wp\/v2\/product\/3235","targetHints":{"allow":["GET"]}}],"collection":[{"href":"https:\/\/broadbuy.shop\/es\/wp-json\/wp\/v2\/product"}],"about":[{"href":"https:\/\/broadbuy.shop\/es\/wp-json\/wp\/v2\/types\/product"}],"replies":[{"embeddable":true,"href":"https:\/\/broadbuy.shop\/es\/wp-json\/wp\/v2\/comments?post=3235"}],"version-history":[{"count":0,"href":"https:\/\/broadbuy.shop\/es\/wp-json\/wp\/v2\/product\/3235\/revisions"}],"wp:featuredmedia":[{"embeddable":true,"href":"https:\/\/broadbuy.shop\/es\/wp-json\/wp\/v2\/media\/3236"}],"wp:attachment":[{"href":"https:\/\/broadbuy.shop\/es\/wp-json\/wp\/v2\/media?parent=3235"}],"wp:term":[{"taxonomy":"product_brand","embeddable":true,"href":"https:\/\/broadbuy.shop\/es\/wp-json\/wp\/v2\/product_brand?post=3235"},{"taxonomy":"product_cat","embeddable":true,"href":"https:\/\/broadbuy.shop\/es\/wp-json\/wp\/v2\/product_cat?post=3235"},{"taxonomy":"product_tag","embeddable":true,"href":"https:\/\/broadbuy.shop\/es\/wp-json\/wp\/v2\/product_tag?post=3235"}],"curies":[{"name":"wp","href":"https:\/\/api.w.org\/{rel}","templated":true}]}}