{"id":2751,"date":"2026-01-12T08:54:42","date_gmt":"2026-01-12T08:54:42","guid":{"rendered":"https:\/\/broadbuy.shop\/?post_type=product&#038;p=2751"},"modified":"2026-01-12T09:03:17","modified_gmt":"2026-01-12T09:03:17","slug":"tableta-android-pritom-15-de-101-inch-16-gb-de-ram-64-gb-de-rom-con-funda-con-teclado-y-boligrafo-camara-doble-bateria-de-8mp-6000mah-regalo-ideal-para-la-escuela-y-el-dia-a-dia","status":"publish","type":"product","link":"https:\/\/broadbuy.shop\/es\/producto\/tableta-android-pritom-15-de-101-inch-16-gb-de-ram-64-gb-de-rom-con-funda-con-teclado-y-boligrafo-camara-doble-bateria-de-8mp-6000mah-regalo-ideal-para-la-escuela-y-el-dia-a-dia\/","title":{"rendered":"Tableta Android PRITOM 15 de 10,1 pulgadas, 16 GB de RAM, 64 GB de ROM, con funda con teclado y bol\u00edgrafo, c\u00e1mara doble, bater\u00eda de 8MP, 6000mAh, regalo Ideal para la escuela y el d\u00eda a d\u00eda"},"content":{"rendered":"<p><img fetchpriority=\"high\" decoding=\"async\" class=\"aligncenter\" src=\"https:\/\/broadbuy.shop\/wp-content\/uploads\/2026\/01\/2-11.png\" sizes=\"(max-width: 800px) 100vw, 800px\" srcset=\"https:\/\/broadbuy.shop\/wp-content\/uploads\/2026\/01\/2-11.png 800w, https:\/\/broadbuy.shop\/wp-content\/uploads\/2026\/01\/2-11-300x300_1.png 300w, https:\/\/broadbuy.shop\/wp-content\/uploads\/2026\/01\/2-11-150x150_1.png 150w, https:\/\/broadbuy.shop\/wp-content\/uploads\/2026\/01\/2-11-768x768_1.png 768w, https:\/\/broadbuy.shop\/wp-content\/uploads\/2026\/01\/2-11-600x600_1.png 600w, https:\/\/broadbuy.shop\/wp-content\/uploads\/2026\/01\/2-11-100x100_1.png 100w, https:\/\/broadbuy.shop\/wp-content\/uploads\/2026\/01\/2-11-50x50_1.png 50w\" alt=\"\" width=\"800\" height=\"800\" \/><br \/>\n<img decoding=\"async\" class=\"aligncenter\" src=\"https:\/\/broadbuy.shop\/wp-content\/uploads\/2026\/01\/3-10.png\" sizes=\"(max-width: 800px) 100vw, 800px\" srcset=\"https:\/\/broadbuy.shop\/wp-content\/uploads\/2026\/01\/3-10.png 800w, https:\/\/broadbuy.shop\/wp-content\/uploads\/2026\/01\/3-10-300x300_1.png 300w, https:\/\/broadbuy.shop\/wp-content\/uploads\/2026\/01\/3-10-150x150_1.png 150w, https:\/\/broadbuy.shop\/wp-content\/uploads\/2026\/01\/3-10-768x768_1.png 768w, https:\/\/broadbuy.shop\/wp-content\/uploads\/2026\/01\/3-10-600x600_1.png 600w, https:\/\/broadbuy.shop\/wp-content\/uploads\/2026\/01\/3-10-100x100_1.png 100w, https:\/\/broadbuy.shop\/wp-content\/uploads\/2026\/01\/3-10-50x50_1.png 50w\" alt=\"\" width=\"800\" height=\"800\" \/><br \/>\n<img decoding=\"async\" class=\"aligncenter\" src=\"https:\/\/broadbuy.shop\/wp-content\/uploads\/2026\/01\/4-5.png\" sizes=\"(max-width: 800px) 100vw, 800px\" srcset=\"https:\/\/broadbuy.shop\/wp-content\/uploads\/2026\/01\/4-5.png 800w, https:\/\/broadbuy.shop\/wp-content\/uploads\/2026\/01\/4-5-300x300_1.png 300w, https:\/\/broadbuy.shop\/wp-content\/uploads\/2026\/01\/4-5-150x150_1.png 150w, https:\/\/broadbuy.shop\/wp-content\/uploads\/2026\/01\/4-5-768x768_1.png 768w, https:\/\/broadbuy.shop\/wp-content\/uploads\/2026\/01\/4-5-600x600_1.png 600w, https:\/\/broadbuy.shop\/wp-content\/uploads\/2026\/01\/4-5-100x100_1.png 100w, https:\/\/broadbuy.shop\/wp-content\/uploads\/2026\/01\/4-5-50x50_1.png 50w\" alt=\"\" width=\"800\" height=\"800\" \/><br \/>\n<img loading=\"lazy\" decoding=\"async\" class=\"aligncenter\" src=\"https:\/\/broadbuy.shop\/wp-content\/uploads\/2026\/01\/5-6.png\" sizes=\"(max-width: 800px) 100vw, 800px\" srcset=\"https:\/\/broadbuy.shop\/wp-content\/uploads\/2026\/01\/5-6.png 800w, https:\/\/broadbuy.shop\/wp-content\/uploads\/2026\/01\/5-6-300x300_1.png 300w, https:\/\/broadbuy.shop\/wp-content\/uploads\/2026\/01\/5-6-150x150_1.png 150w, https:\/\/broadbuy.shop\/wp-content\/uploads\/2026\/01\/5-6-768x768_1.png 768w, https:\/\/broadbuy.shop\/wp-content\/uploads\/2026\/01\/5-6-600x600_1.png 600w, https:\/\/broadbuy.shop\/wp-content\/uploads\/2026\/01\/5-6-100x100_1.png 100w, https:\/\/broadbuy.shop\/wp-content\/uploads\/2026\/01\/5-6-50x50_1.png 50w\" alt=\"\" width=\"800\" height=\"800\" \/><br \/>\n<img loading=\"lazy\" decoding=\"async\" class=\"aligncenter\" src=\"https:\/\/broadbuy.shop\/wp-content\/uploads\/2026\/01\/6-5.png\" sizes=\"(max-width: 800px) 100vw, 800px\" srcset=\"https:\/\/broadbuy.shop\/wp-content\/uploads\/2026\/01\/6-5.png 800w, https:\/\/broadbuy.shop\/wp-content\/uploads\/2026\/01\/6-5-300x300_1.png 300w, https:\/\/broadbuy.shop\/wp-content\/uploads\/2026\/01\/6-5-150x150_1.png 150w, https:\/\/broadbuy.shop\/wp-content\/uploads\/2026\/01\/6-5-768x768_1.png 768w, https:\/\/broadbuy.shop\/wp-content\/uploads\/2026\/01\/6-5-600x600_1.png 600w, https:\/\/broadbuy.shop\/wp-content\/uploads\/2026\/01\/6-5-100x100_1.png 100w, https:\/\/broadbuy.shop\/wp-content\/uploads\/2026\/01\/6-5-50x50_1.png 50w\" alt=\"\" width=\"800\" height=\"800\" \/><br \/>\n<img loading=\"lazy\" decoding=\"async\" class=\"aligncenter\" src=\"https:\/\/broadbuy.shop\/wp-content\/uploads\/2026\/01\/7-4.png\" sizes=\"(max-width: 800px) 100vw, 800px\" srcset=\"https:\/\/broadbuy.shop\/wp-content\/uploads\/2026\/01\/7-4.png 800w, https:\/\/broadbuy.shop\/wp-content\/uploads\/2026\/01\/7-4-300x300_1.png 300w, https:\/\/broadbuy.shop\/wp-content\/uploads\/2026\/01\/7-4-150x150_1.png 150w, https:\/\/broadbuy.shop\/wp-content\/uploads\/2026\/01\/7-4-768x768_1.png 768w, https:\/\/broadbuy.shop\/wp-content\/uploads\/2026\/01\/7-4-600x600_1.png 600w, https:\/\/broadbuy.shop\/wp-content\/uploads\/2026\/01\/7-4-100x100_1.png 100w, https:\/\/broadbuy.shop\/wp-content\/uploads\/2026\/01\/7-4-50x50_1.png 50w\" alt=\"\" width=\"800\" height=\"800\" \/><br \/>\n<img loading=\"lazy\" decoding=\"async\" class=\"aligncenter\" src=\"https:\/\/broadbuy.shop\/wp-content\/uploads\/2026\/01\/8-2.png\" sizes=\"(max-width: 800px) 100vw, 800px\" srcset=\"https:\/\/broadbuy.shop\/wp-content\/uploads\/2026\/01\/8-2.png 800w, https:\/\/broadbuy.shop\/wp-content\/uploads\/2026\/01\/8-2-300x300_1.png 300w, https:\/\/broadbuy.shop\/wp-content\/uploads\/2026\/01\/8-2-150x150_1.png 150w, https:\/\/broadbuy.shop\/wp-content\/uploads\/2026\/01\/8-2-768x768_1.png 768w, https:\/\/broadbuy.shop\/wp-content\/uploads\/2026\/01\/8-2-600x600_1.png 600w, https:\/\/broadbuy.shop\/wp-content\/uploads\/2026\/01\/8-2-100x100_1.png 100w, https:\/\/broadbuy.shop\/wp-content\/uploads\/2026\/01\/8-2-50x50_1.png 50w\" alt=\"\" width=\"800\" height=\"800\" \/><br \/>\n<img loading=\"lazy\" decoding=\"async\" class=\"aligncenter\" src=\"https:\/\/broadbuy.shop\/wp-content\/uploads\/2026\/01\/9-2.png\" sizes=\"(max-width: 800px) 100vw, 800px\" srcset=\"https:\/\/broadbuy.shop\/wp-content\/uploads\/2026\/01\/9-2.png 800w, https:\/\/broadbuy.shop\/wp-content\/uploads\/2026\/01\/9-2-300x300_1.png 300w, https:\/\/broadbuy.shop\/wp-content\/uploads\/2026\/01\/9-2-150x150_1.png 150w, https:\/\/broadbuy.shop\/wp-content\/uploads\/2026\/01\/9-2-768x768_1.png 768w, https:\/\/broadbuy.shop\/wp-content\/uploads\/2026\/01\/9-2-600x600_1.png 600w, https:\/\/broadbuy.shop\/wp-content\/uploads\/2026\/01\/9-2-100x100_1.png 100w, https:\/\/broadbuy.shop\/wp-content\/uploads\/2026\/01\/9-2-50x50_1.png 50w\" alt=\"\" width=\"800\" height=\"800\" \/><br \/>\nAndroid Tablet 14: la innovaci\u00f3n a mano<br \/>\nDescubre la tableta Android 14Ofreciendo una experienciadeusuariointeligenteyeficiente.Con rendimiento mejorado y mayor seguridad,est\u00e1 equipado con con Android 14. La certificaci\u00f3n MSGgarantiza un acceso sin problemas a los servicios de Google para una experiencia perfecta e integrada. Perfecto para la escuelaylavidacotidiana,es un regalo ideal.<br \/>\nRendimiento excepcional<br \/>\n8 GB de RAM+ 64 GB de ROM Garantizar un rendimiento excepcional. Con suficiente memoria para pel\u00edculas,materiales de aprendizaje y archivos importantes,esta tableta est\u00e1 preparada para un uso intensivo.<br \/>\nModelo de Vida y C\u00e1maras<br \/>\nBateria de 60o0 mAh Para uso durante todo el dia.<br \/>\nDos c\u00e1maras: una frontal de 2 MP y una trasera de 8 MP para v\u00eddeo y fotos. La pantalla HD-IPS (1280 x 800) proporciona im\u00e1genes claras. Disfruta de una experiencia<br \/>\nde sonido mejorada con Dual-BOX-Lautsprecher y un conector para auriculares de 3,5 mm.<br \/>\nConectividad Avanzada<br \/>\nCertificaci\u00f3n WLAN de doble bandaBluetooth 5,2 Y Widevine L1 proporcionan conexiones r\u00e1pidas y transmisi\u00f3n HD. Ideal para primera clase Unterhaltungserlebnis. La inscripci\u00f3n \"TOUCH 10 Plus\" en la protecci\u00f3n de la pantalla se refiere al modelo del dispositivo, no a la versi\u00f3n de Android.<\/p>","protected":false},"excerpt":{"rendered":"<p>Android Tablet 14: la innovaci\u00f3n a mano Descubre la tableta Android 14Ofreciendo una experienciadeusuariointeligenteyeficiente.Con rendimiento mejorado y mayor seguridad,est\u00e1 equipado con con Android 14. La certificaci\u00f3n MSGgarantiza un acceso sin problemas a los servicios de Google para una experiencia perfecta e integrada. Perfecto para la escuelaylavidacotidiana,es un regalo ideal. Rendimiento Excepcional 8 GB de RAM+ [&hellip;]<\/p>","protected":false},"featured_media":2752,"comment_status":"open","ping_status":"closed","template":"","meta":{"_acf_changed":false},"product_brand":[],"product_cat":[41],"product_tag":[],"class_list":{"0":"post-2751","1":"product","2":"type-product","3":"status-publish","4":"has-post-thumbnail","6":"product_cat-home-living","8":"first","9":"instock","10":"sale","11":"shipping-taxable","12":"purchasable","13":"product-type-simple"},"acf":[],"_links":{"self":[{"href":"https:\/\/broadbuy.shop\/es\/wp-json\/wp\/v2\/product\/2751","targetHints":{"allow":["GET"]}}],"collection":[{"href":"https:\/\/broadbuy.shop\/es\/wp-json\/wp\/v2\/product"}],"about":[{"href":"https:\/\/broadbuy.shop\/es\/wp-json\/wp\/v2\/types\/product"}],"replies":[{"embeddable":true,"href":"https:\/\/broadbuy.shop\/es\/wp-json\/wp\/v2\/comments?post=2751"}],"version-history":[{"count":0,"href":"https:\/\/broadbuy.shop\/es\/wp-json\/wp\/v2\/product\/2751\/revisions"}],"wp:featuredmedia":[{"embeddable":true,"href":"https:\/\/broadbuy.shop\/es\/wp-json\/wp\/v2\/media\/2752"}],"wp:attachment":[{"href":"https:\/\/broadbuy.shop\/es\/wp-json\/wp\/v2\/media?parent=2751"}],"wp:term":[{"taxonomy":"product_brand","embeddable":true,"href":"https:\/\/broadbuy.shop\/es\/wp-json\/wp\/v2\/product_brand?post=2751"},{"taxonomy":"product_cat","embeddable":true,"href":"https:\/\/broadbuy.shop\/es\/wp-json\/wp\/v2\/product_cat?post=2751"},{"taxonomy":"product_tag","embeddable":true,"href":"https:\/\/broadbuy.shop\/es\/wp-json\/wp\/v2\/product_tag?post=2751"}],"curies":[{"name":"wp","href":"https:\/\/api.w.org\/{rel}","templated":true}]}}