{"id":2660,"date":"2025-12-19T05:18:39","date_gmt":"2025-12-19T05:18:39","guid":{"rendered":"https:\/\/broadbuy.shop\/?post_type=product&#038;p=2660"},"modified":"2025-12-19T12:07:19","modified_gmt":"2025-12-19T12:07:19","slug":"twirest-memoriahabos-matrac-kozepesen-kemeny-husito-matrac-dobozban-18-20-cm-vastag-legatereszto-moshato-huzat-uvegszalmentes","status":"publish","type":"product","link":"https:\/\/broadbuy.shop\/es\/producto\/twirest-memoriahabos-matrac-kozepesen-kemeny-husito-matrac-dobozban-18-20-cm-vastag-legatereszto-moshato-huzat-uvegszalmentes\/","title":{"rendered":"Twirest mem\u00f3riahabos matrac - K\u00f6zepesen kem\u00e9ny, h\u0171s\u00edt\u0151 matrac dobozban, 18\/20 cm vastag, l\u00e9g\u00e1tereszt\u0151, moshat\u00f3 huzat, \u00fcvegsz\u00e1lmentes"},"content":{"rendered":"<p><img decoding=\"async\" src=\"https:\/\/ae01.alicdn.com\/kf\/S911e70cbd81b4620b3a0a77228f22b72y.jpg?width=1000&amp;height=1000&amp;hash=2000\" data-id=\"ckeditor_img46\" \/>\u00a0<img decoding=\"async\" src=\"https:\/\/ae01.alicdn.com\/kf\/S36c52b47ca5a45abb7203f05929b36abE.jpg?width=1000&amp;height=1000&amp;hash=2000\" data-id=\"ckeditor_img47\" \/>\u00a0<img decoding=\"async\" src=\"https:\/\/ae01.alicdn.com\/kf\/S1fe2e49ac1264edfbb0c162f7e354056T.jpg?width=1000&amp;height=1000&amp;hash=2000\" data-id=\"ckeditor_img48\" \/>\u00a0<img decoding=\"async\" src=\"https:\/\/ae01.alicdn.com\/kf\/S5a474c1022f94bf0a444329335f65debV.jpg?width=1000&amp;height=1000&amp;hash=2000\" data-id=\"ckeditor_img49\" \/>\u00a0<img decoding=\"async\" src=\"https:\/\/ae01.alicdn.com\/kf\/S597839c15d1440979ac4f87f1c3ccd86i.jpg?width=1000&amp;height=1000&amp;hash=2000\" data-id=\"ckeditor_img50\" \/>\u00a0<img decoding=\"async\" src=\"https:\/\/ae01.alicdn.com\/kf\/S6918a747d95d4b98ba9503fe00286969K.jpg?width=1000&amp;height=1000&amp;hash=2000\" data-id=\"ckeditor_img51\" \/><\/p>\n<ul>\n<li>Tapasztalja meg a maxim\u00e1lis k\u00e9nyelmet mem\u00f3riahabos matracunkkal, amely a t\u00f6k\u00e9letes al\u00e1t\u00e1maszt\u00e1st \u00e9s puhas\u00e1got \u00f6tv\u00f6zi. St\u00edlusos k\u00e9k \u00e9s feh\u00e9r sz\u00ednben kaphat\u00f3, ez a matrac t\u00f6k\u00e9letes mind egy-, mind k\u00e9tszem\u00e9lyes \u00e1gyakba. - \u3010Visszaalakul\u00e1si id\u0151\u3011: 24-72 \u00f3ra az optim\u00e1lis t\u00e1gul\u00e1s \u00e9rdek\u00e9ben.<\/li>\n<li>\u3010K\u00f6zepes kem\u00e9nys\u00e9g\u3011: A t\u00fal puha matrac nem ny\u00fajt tart\u00e1st, a t\u00fal kem\u00e9ny pedig nem tudja levezetni a nyom\u00e1st. A matrac sem puha, sem kem\u00e9ny alv\u00e1s\u00e9rzetet nem biztos\u00edt. A hull\u00e1mos cs\u00edkos \u00e1gytakar\u00f3 \u00e9s a mem\u00f3riahab r\u00e9teg jobb szell\u0151z\u00e9st biztos\u00edt. A nagy s\u0171r\u0171s\u00e9g\u0171 hab enyh\u00edti a nyom\u00e1spontokat \u00e9s illeszkedik a testedhez, p\u00e1ratlan tart\u00e1st biztos\u00edtva \u00e9jszaka, \u00edgy \u00fagy \u00e9rzed majd magad, mintha a felh\u0151n aludn\u00e1l, jav\u00edtva az alv\u00e1sod min\u0151s\u00e9g\u00e9t.<\/li>\n<li>\u3010K\u00e9nyeztet\u0151 alv\u00e1si \u00e9lm\u00e9ny\u3011\uff1a Emeld magasabb szintre az alv\u00e1sodat ezzel a m\u00e1traccal. A mem\u00f3riahabos matracunkat \u00fagy tervezt\u00fck, hogy a lehet\u0151 legjobb t\u00e1maszt\u00e1st ny\u00fajtsa, \u00e9s illeszkedjen a testedhez.<\/li>\n<li>\u3010Eg\u00e9szs\u00e9ges \u00e9s b\u0151rbar\u00e1t\u3011: A mem\u00f3riahab nem tartalmaz k\u00e1ros anyagokat, p\u00e9ld\u00e1ul formaldehidet, higanyt \u00e9s m\u00e1s neh\u00e9zf\u00e9meket, eg\u00e9szs\u00e9ges \u00e9s k\u00f6rnyezetbar\u00e1t, \u00edgy \u00d6nnek \u00e9s csal\u00e1dj\u00e1nak sem kell agg\u00f3dnia az alv\u00e1s miatt. Lass\u00fa visszapattan\u00e1s\u00fa mem\u00f3riahab, nagyobb s\u0171r\u0171s\u00e9g\u0171, finomabb \u00e9rzet\u0171, puha \u00e9s b\u0151rbar\u00e1t, k\u00e9nyelmesebb\u00e9 \u00e9s h\u0171v\u00f6sebb\u00e9 teszi az alv\u00e1st.<\/li>\n<li>\u3010Matrac dobozban\u3011: A v\u00e1kuumos tekercses csomagol\u00e1snak k\u00f6sz\u00f6nhet\u0151en az egyenk\u00e9nt dobozba csomagolt matrac k\u00f6nny\u0171 \u00e9s k\u00e9nyelmes, \u00edgy egy szem\u00e9ly is k\u00f6nnyen hordozhat\u00f3 \u00e9s \u00f6ssze\u00e1ll\u00edthat\u00f3. Egy j\u00f3 matrac ellen\u00e1ll a nyom\u00e1snak \u00e9s tart\u00f3s. Puha, nem hajlik \u00f6ssze, nagy rugalmass\u00e1g\u00fa, j\u00f3l megt\u00e1masztja a tesztet, kiv\u00e1l\u00f3an alkalmas oldalt, h\u00e1ton \u00e9s hason alv\u00f3knak.<\/li>\n<\/ul>","protected":false},"excerpt":{"rendered":"<p>\u00a0\u00a0\u00a0\u00a0\u00a0 Tapasztalja meg a maxim\u00e1lis k\u00e9nyelmet mem\u00f3riahabos matracunkkal, amely a t\u00f6k\u00e9letes al\u00e1t\u00e1maszt\u00e1st \u00e9s puhas\u00e1got \u00f6tv\u00f6zi. St\u00edlusos k\u00e9k \u00e9s feh\u00e9r sz\u00ednben kaphat\u00f3, ez a matrac t\u00f6k\u00e9letes mind egy-, mind k\u00e9tszem\u00e9lyes \u00e1gyakba. &#8211; \u3010Visszaalakul\u00e1si id\u0151\u3011: 24-72 \u00f3ra az optim\u00e1lis t\u00e1gul\u00e1s \u00e9rdek\u00e9ben. \u3010K\u00f6zepes kem\u00e9nys\u00e9g\u3011: A t\u00fal puha matrac nem ny\u00fajt tart\u00e1st, a t\u00fal kem\u00e9ny pedig nem tudja levezetni [&hellip;]<\/p>","protected":false},"featured_media":2665,"comment_status":"open","ping_status":"closed","template":"","meta":{"_acf_changed":false},"product_brand":[],"product_cat":[54],"product_tag":[],"class_list":{"0":"post-2660","1":"product","2":"type-product","3":"status-publish","4":"has-post-thumbnail","6":"product_cat-best-seller","8":"first","9":"instock","10":"sale","11":"shipping-taxable","12":"purchasable","13":"product-type-variable","14":"has-default-attributes","15":"wvs-archive-product-wrapper"},"acf":[],"_links":{"self":[{"href":"https:\/\/broadbuy.shop\/es\/wp-json\/wp\/v2\/product\/2660","targetHints":{"allow":["GET"]}}],"collection":[{"href":"https:\/\/broadbuy.shop\/es\/wp-json\/wp\/v2\/product"}],"about":[{"href":"https:\/\/broadbuy.shop\/es\/wp-json\/wp\/v2\/types\/product"}],"replies":[{"embeddable":true,"href":"https:\/\/broadbuy.shop\/es\/wp-json\/wp\/v2\/comments?post=2660"}],"version-history":[{"count":0,"href":"https:\/\/broadbuy.shop\/es\/wp-json\/wp\/v2\/product\/2660\/revisions"}],"wp:featuredmedia":[{"embeddable":true,"href":"https:\/\/broadbuy.shop\/es\/wp-json\/wp\/v2\/media\/2665"}],"wp:attachment":[{"href":"https:\/\/broadbuy.shop\/es\/wp-json\/wp\/v2\/media?parent=2660"}],"wp:term":[{"taxonomy":"product_brand","embeddable":true,"href":"https:\/\/broadbuy.shop\/es\/wp-json\/wp\/v2\/product_brand?post=2660"},{"taxonomy":"product_cat","embeddable":true,"href":"https:\/\/broadbuy.shop\/es\/wp-json\/wp\/v2\/product_cat?post=2660"},{"taxonomy":"product_tag","embeddable":true,"href":"https:\/\/broadbuy.shop\/es\/wp-json\/wp\/v2\/product_tag?post=2660"}],"curies":[{"name":"wp","href":"https:\/\/api.w.org\/{rel}","templated":true}]}}