{"id":983,"date":"2025-05-13T11:44:11","date_gmt":"2025-05-13T11:44:11","guid":{"rendered":"https:\/\/broadbuy.shop\/?page_id=983"},"modified":"2025-08-14T13:27:32","modified_gmt":"2025-08-14T13:27:32","slug":"comprehensive-home","status":"publish","type":"page","link":"https:\/\/broadbuy.shop\/es\/","title":{"rendered":"Inicio integral"},"content":{"rendered":"<div data-elementor-type=\"wp-page\" data-elementor-id=\"983\" class=\"elementor elementor-983\" data-elementor-post-type=\"page\">\n\t\t\t\t<div class=\"elementor-element elementor-element-7c1b0cd e-con-full e-flex e-con e-parent\" data-id=\"7c1b0cd\" data-element_type=\"container\" data-settings=\"{&quot;ekit_has_onepagescroll_dot&quot;:&quot;yes&quot;}\">\n\t\t\t\t<div class=\"elementor-element elementor-element-fbf08d2 elementor--h-position-center elementor--v-position-middle elementor-arrows-position-inside elementor-pagination-position-inside elementor-widget elementor-widget-slides\" data-id=\"fbf08d2\" data-element_type=\"widget\" data-settings=\"{&quot;navigation&quot;:&quot;both&quot;,&quot;autoplay&quot;:&quot;yes&quot;,&quot;pause_on_hover&quot;:&quot;yes&quot;,&quot;pause_on_interaction&quot;:&quot;yes&quot;,&quot;autoplay_speed&quot;:5000,&quot;infinite&quot;:&quot;yes&quot;,&quot;transition&quot;:&quot;slide&quot;,&quot;transition_speed&quot;:500,&quot;ekit_we_effect_on&quot;:&quot;none&quot;}\" data-widget_type=\"slides.default\">\n\t\t\t\t<div class=\"elementor-widget-container\">\n\t\t\t\t\t\t\t\t\t<div class=\"elementor-swiper\">\n\t\t\t\t\t<div class=\"elementor-slides-wrapper elementor-main-swiper swiper\" role=\"region\" aria-roledescription=\"carousel\" aria-label=\"Diapositivas\" dir=\"ltr\" data-animation=\"fadeInUp\">\n\t\t\t\t<div class=\"swiper-wrapper elementor-slides\">\n\t\t\t\t\t\t\t\t\t\t<div class=\"elementor-repeater-item-edb134d swiper-slide\" role=\"group\" aria-roledescription=\"slide\"><div class=\"swiper-slide-bg\" role=\"img\"><\/div><a class=\"swiper-slide-inner\" href=\"https:\/\/broadbuy.shop\/es\/shop-10\/\"><div class=\"swiper-slide-contents\"><div class=\"elementor-slide-heading\">Su ventanilla \u00fanica <br\/>Entrega en tienda<\/div><div class=\"elementor-slide-description\">Explora la electr\u00f3nica,<br\/>art\u00edculos para el hogar y mucho m\u00e1s.<\/div><div  class=\"elementor-button elementor-slide-button elementor-size-sm\">Comprar ahora<\/div><\/div><\/a><\/div>\t\t\t\t<\/div>\n\t\t\t\t\t\t\t<\/div>\n\t\t\t\t<\/div>\n\t\t\t\t\t\t\t\t<\/div>\n\t\t\t\t<\/div>\n\t\t\t\t<\/div>\n\t\t<div class=\"elementor-element elementor-element-1f56340 e-flex e-con-boxed e-con e-parent\" data-id=\"1f56340\" data-element_type=\"container\" data-settings=\"{&quot;ekit_has_onepagescroll_dot&quot;:&quot;yes&quot;}\">\n\t\t\t\t\t<div class=\"e-con-inner\">\n\t\t\t\t<div class=\"elementor-element elementor-element-ac15b05 elementor-widget elementor-widget-html\" data-id=\"ac15b05\" data-element_type=\"widget\" data-settings=\"{&quot;ekit_we_effect_on&quot;:&quot;none&quot;}\" data-widget_type=\"html.default\">\n\t\t\t\t<div class=\"elementor-widget-container\">\n\t\t\t\t\t<div class=\"custom-features-wrapper\">\r\n  <div class=\"custom-features\">\r\n    <!-- Free Shipping -->\r\n    <div class=\"feature-box\">\r\n      <div class=\"icon\">\ud83d\ude9a<\/div>\r\n      <h4>Env\u00edo gratuito<\/h4>\r\n      <p>Disfrute de env\u00edo r\u00e1pido y gratuito en todos los pedidos.<\/p>\r\n    <\/div>\r\n\r\n    <!-- Secure Checkout -->\r\n    <div class=\"feature-box\">\r\n      <div class=\"icon\">\ud83d\udee1\ufe0f<\/div>\r\n      <h4>Pago seguro<\/h4>\r\n      <p>Su pago est\u00e1 encriptado y protegido.<\/p>\r\n    <\/div>\r\n\r\n    <!-- 24\/7 Support -->\r\n    <div class=\"feature-box\">\r\n      <div class=\"icon\">\ud83d\udcac<\/div>\r\n      <h4>Asistencia 24\/7<\/h4>\r\n      <p>Estamos aqu\u00ed siempre que necesite gb.<\/p>\r\n    <\/div>\r\n\r\n    <!-- Fast Processing -->\r\n    <div class=\"feature-box\">\r\n      <div class=\"icon\">\ud83d\udd52<\/div>\r\n      <h4>Procesamiento r\u00e1pido<\/h4>\r\n      <p>Los pedidos se embalan y env\u00edan el mismo d\u00eda.<\/p>\r\n    <\/div>\r\n  <\/div>\r\n<\/div>\r\n\r\n<style>\r\n  .custom-features-wrapper {\r\n    background: #EFF0F5;\r\n    padding: 40px 0;\r\n  }\r\n\r\n  .custom-features {\r\n    display: flex;\r\n    flex-wrap: wrap;\r\n    justify-content: center;\r\n    gap: 20px;\r\n    max-width: 960px;\r\n    margin: 0 auto;\r\n  }\r\n\r\n  .feature-box {\r\n    flex: 1 1 180px;\r\n    text-align: center;\r\n    padding: 20px;\r\n  }\r\n\r\n  .feature-box .icon {\r\n    font-size: 36px;\r\n    margin-bottom: 10px;\r\n  }\r\n\r\n  .feature-box h4 {\r\n    margin: 10px 0 5px;\r\n  }\r\n\r\n  .feature-box p {\r\n    font-size: 13px;\r\n    color: #888;\r\n    margin: 0;\r\n  }\r\n<\/style>\t\t\t\t<\/div>\n\t\t\t\t<\/div>\n\t\t\t\t\t<\/div>\n\t\t\t\t<\/div>\n\t\t<div class=\"elementor-element elementor-element-56efd38 e-flex e-con-boxed e-con e-parent\" data-id=\"56efd38\" data-element_type=\"container\" data-settings=\"{&quot;ekit_has_onepagescroll_dot&quot;:&quot;yes&quot;}\">\n\t\t\t\t\t<div class=\"e-con-inner\">\n\t\t\t\t<div class=\"elementor-element elementor-element-c8a7e9c elementor-widget elementor-widget-shortcode\" data-id=\"c8a7e9c\" data-element_type=\"widget\" data-settings=\"{&quot;ekit_we_effect_on&quot;:&quot;none&quot;}\" data-widget_type=\"shortcode.default\">\n\t\t\t\t<div class=\"elementor-widget-container\">\n\t\t\t\t\t\t\t<div class=\"elementor-shortcode\"><div class=\"woocommerce columns-3\"><span class=\"wpfHidden\" data-shortcode-attribute=\"{&quot;limit&quot;:&quot;15&quot;,&quot;columns&quot;:&quot;3&quot;,&quot;rows&quot;:&quot;&quot;,&quot;orderby&quot;:&quot;&quot;,&quot;order&quot;:&quot;&quot;,&quot;ids&quot;:&quot;&quot;,&quot;skus&quot;:&quot;&quot;,&quot;category&quot;:&quot;Home &amp; Living&quot;,&quot;cat_operator&quot;:&quot;IN&quot;,&quot;attribute&quot;:&quot;&quot;,&quot;terms&quot;:&quot;&quot;,&quot;terms_operator&quot;:&quot;IN&quot;,&quot;tag&quot;:&quot;&quot;,&quot;tag_operator&quot;:&quot;IN&quot;,&quot;visibility&quot;:&quot;visible&quot;,&quot;class&quot;:&quot;&quot;,&quot;page&quot;:1,&quot;paginate&quot;:false,&quot;cache&quot;:false}\"><\/span><ul class=\"products columns-3\">\n<li class=\"product type-product post-2685 status-publish first instock product_cat-home-living has-post-thumbnail sale shipping-taxable purchasable product-type-simple\">\n\t<a href=\"https:\/\/broadbuy.shop\/es\/producto\/juego-de-regalo-para-el-cuidado-de-la-piel-pro-xylane-collagen-limpieza-suave-nutricion-hidratante-coleccion-de-cuidado-facial-de-7-piezas\/\" class=\"woocommerce-LoopProduct-link woocommerce-loop-product__link\">\n\t<span class=\"onsale\" data-no-translation=\"\" data-trp-gettext=\"\">\u00a1Oferta!<\/span>\n\t<img fetchpriority=\"high\" decoding=\"async\" width=\"300\" height=\"300\" src=\"https:\/\/broadbuy.shop\/wp-content\/uploads\/2025\/12\/6c1dc45c8f524848b007a7fa740d5dae_tplv-t5fjg24jzw-resize-jpeg_800_800-300x300.jpg\" class=\"attachment-woocommerce_thumbnail size-woocommerce_thumbnail wvs-archive-product-image\" alt=\"Juego de regalo para el cuidado de la piel Pro-Xylane &amp; Collagen - Limpieza suave, nutrici\u00f3n hidratante, colecci\u00f3n de cuidado facial de 7 piezas\" srcset=\"https:\/\/broadbuy.shop\/wp-content\/uploads\/2025\/12\/6c1dc45c8f524848b007a7fa740d5dae_tplv-t5fjg24jzw-resize-jpeg_800_800-300x300.jpg 300w, https:\/\/broadbuy.shop\/wp-content\/uploads\/2025\/12\/6c1dc45c8f524848b007a7fa740d5dae_tplv-t5fjg24jzw-resize-jpeg_800_800-150x150.jpg 150w, https:\/\/broadbuy.shop\/wp-content\/uploads\/2025\/12\/6c1dc45c8f524848b007a7fa740d5dae_tplv-t5fjg24jzw-resize-jpeg_800_800-768x768.jpg 768w, https:\/\/broadbuy.shop\/wp-content\/uploads\/2025\/12\/6c1dc45c8f524848b007a7fa740d5dae_tplv-t5fjg24jzw-resize-jpeg_800_800-12x12.jpg 12w, https:\/\/broadbuy.shop\/wp-content\/uploads\/2025\/12\/6c1dc45c8f524848b007a7fa740d5dae_tplv-t5fjg24jzw-resize-jpeg_800_800-110x110.jpg 110w, https:\/\/broadbuy.shop\/wp-content\/uploads\/2025\/12\/6c1dc45c8f524848b007a7fa740d5dae_tplv-t5fjg24jzw-resize-jpeg_800_800-60x60.jpg 60w, https:\/\/broadbuy.shop\/wp-content\/uploads\/2025\/12\/6c1dc45c8f524848b007a7fa740d5dae_tplv-t5fjg24jzw-resize-jpeg_800_800-600x600.jpg 600w, https:\/\/broadbuy.shop\/wp-content\/uploads\/2025\/12\/6c1dc45c8f524848b007a7fa740d5dae_tplv-t5fjg24jzw-resize-jpeg_800_800-100x100.jpg 100w, https:\/\/broadbuy.shop\/wp-content\/uploads\/2025\/12\/6c1dc45c8f524848b007a7fa740d5dae_tplv-t5fjg24jzw-resize-jpeg_800_800-50x50.jpg 50w, https:\/\/broadbuy.shop\/wp-content\/uploads\/2025\/12\/6c1dc45c8f524848b007a7fa740d5dae_tplv-t5fjg24jzw-resize-jpeg_800_800.jpg 800w\" sizes=\"(max-width: 300px) 100vw, 300px\" \/><h2 class=\"woocommerce-loop-product__title\">Juego de regalo para el cuidado de la piel Pro-Xylane &amp; Collagen - Limpieza suave, nutrici\u00f3n hidratante, colecci\u00f3n de cuidado facial de 7 piezas<\/h2><div class='jdgm-widget jdgm-preview-badge' data-id='2685'>\n\t<\/div>\n\n\t<span class=\"price\"><span class=\"wcpbc-price wcpbc-price-2685\" data-product-id=\"2685\"><del aria-hidden=\"true\"><span class=\"woocommerce-Price-amount amount\"><bdi>25,99<span class=\"woocommerce-Price-currencySymbol\">\u20ac<\/span><\/bdi><\/span><\/del> <span class=\"screen-reader-text\" data-no-translation=\"\" data-trp-gettext=\"\">El precio original era: 25,99&euro;.<\/span><ins aria-hidden=\"true\"><span class=\"woocommerce-Price-amount amount\"><bdi>5,99<span class=\"woocommerce-Price-currencySymbol\">\u20ac<\/span><\/bdi><\/span><\/ins><span class=\"screen-reader-text\" data-no-translation=\"\" data-trp-gettext=\"\">El precio actual es: 5,99&euro;.<\/span><\/span><\/span>\n<\/a><a href=\"?add-to-cart=2685\" aria-describedby=\"woocommerce_loop_add_to_cart_link_describedby_2685\" data-quantity=\"1\" class=\"button product_type_simple add_to_cart_button ajax_add_to_cart\" data-product_id=\"2685\" data-product_sku=\"\" aria-label=\"A\u00f1adir al carrito: \u201cJuego de regalo para el cuidado de la piel Pro-Xylane &amp; Collagen - Limpieza suave, nutrici\u00f3n hidratante, colecci\u00f3n de cuidado facial de 7 piezas\u201d\" rel=\"nofollow\" data-success_message=\"\u00abJuego de regalo para el cuidado de la piel Pro-Xylane &amp; Collagen - Limpieza suave, nutrici\u00f3n hidratante, colecci\u00f3n de cuidado facial de 7 piezas\u00bb se ha a\u00f1adido a tu carrito\" data-no-translation=\"\" data-trp-gettext=\"\" data-no-translation-aria-label=\"\" data-no-translation-data-success_message=\"\">A\u00f1adir al carrito<\/a>\t<span id=\"woocommerce_loop_add_to_cart_link_describedby_2685\" class=\"screen-reader-text\">\n\t\t\t<\/span>\n<a href=\"https:\/\/broadbuy.shop\/es\/checkout\/?buy-now=2685\" data-quantity=\"1\" class=\"wpcbn-btn wpcbn-btn-archive button product_type_simple add_to_cart_button\" data-product_id=\"2685\" rel=\"nofollow\">Buy now<\/a><\/li>\n<li class=\"product type-product post-2751 status-publish instock product_cat-home-living has-post-thumbnail sale shipping-taxable purchasable product-type-simple\">\n\t<a href=\"https:\/\/broadbuy.shop\/es\/producto\/tableta-android-pritom-15-de-101-inch-16-gb-de-ram-64-gb-de-rom-con-funda-con-teclado-y-boligrafo-camara-doble-bateria-de-8mp-6000mah-regalo-ideal-para-la-escuela-y-el-dia-a-dia\/\" class=\"woocommerce-LoopProduct-link woocommerce-loop-product__link\">\n\t<span class=\"onsale\" data-no-translation=\"\" data-trp-gettext=\"\">\u00a1Oferta!<\/span>\n\t<img decoding=\"async\" width=\"300\" height=\"300\" src=\"https:\/\/broadbuy.shop\/wp-content\/uploads\/2026\/01\/1-7-300x300.png\" class=\"attachment-woocommerce_thumbnail size-woocommerce_thumbnail wvs-archive-product-image\" alt=\"Tableta Android PRITOM 15 de 10,1 inch, 16 GB de RAM, 64 GB de ROM, con funda con teclado y bol\u00edgrafo, c\u00e1mara doble, bater\u00eda de 8MP, 6000mAh, regalo Ideal para la escuela y el d\u00eda a d\u00eda\" srcset=\"https:\/\/broadbuy.shop\/wp-content\/uploads\/2026\/01\/1-7-300x300.png 300w, https:\/\/broadbuy.shop\/wp-content\/uploads\/2026\/01\/1-7-150x150.png 150w, https:\/\/broadbuy.shop\/wp-content\/uploads\/2026\/01\/1-7-768x768.png 768w, https:\/\/broadbuy.shop\/wp-content\/uploads\/2026\/01\/1-7-12x12.png 12w, https:\/\/broadbuy.shop\/wp-content\/uploads\/2026\/01\/1-7-110x110.png 110w, https:\/\/broadbuy.shop\/wp-content\/uploads\/2026\/01\/1-7-60x60.png 60w, https:\/\/broadbuy.shop\/wp-content\/uploads\/2026\/01\/1-7-600x600.png 600w, https:\/\/broadbuy.shop\/wp-content\/uploads\/2026\/01\/1-7-100x100.png 100w, https:\/\/broadbuy.shop\/wp-content\/uploads\/2026\/01\/1-7-50x50.png 50w, https:\/\/broadbuy.shop\/wp-content\/uploads\/2026\/01\/1-7.png 800w\" sizes=\"(max-width: 300px) 100vw, 300px\" \/><h2 class=\"woocommerce-loop-product__title\">Tableta Android PRITOM 15 de 10,1 pulgadas, 16 GB de RAM, 64 GB de ROM, con funda con teclado y bol\u00edgrafo, c\u00e1mara doble, bater\u00eda de 8MP, 6000mAh, regalo Ideal para la escuela y el d\u00eda a d\u00eda<\/h2><div class='jdgm-widget jdgm-preview-badge' data-id='2751'>\n\t<\/div>\n\n\t<span class=\"price\"><span class=\"wcpbc-price wcpbc-price-2751\" data-product-id=\"2751\"><del aria-hidden=\"true\"><span class=\"woocommerce-Price-amount amount\"><bdi>25,99<span class=\"woocommerce-Price-currencySymbol\">\u20ac<\/span><\/bdi><\/span><\/del> <span class=\"screen-reader-text\" data-no-translation=\"\" data-trp-gettext=\"\">El precio original era: 25,99&euro;.<\/span><ins aria-hidden=\"true\"><span class=\"woocommerce-Price-amount amount\"><bdi>5,99<span class=\"woocommerce-Price-currencySymbol\">\u20ac<\/span><\/bdi><\/span><\/ins><span class=\"screen-reader-text\" data-no-translation=\"\" data-trp-gettext=\"\">El precio actual es: 5,99&euro;.<\/span><\/span><\/span>\n<\/a><a href=\"?add-to-cart=2751\" aria-describedby=\"woocommerce_loop_add_to_cart_link_describedby_2751\" data-quantity=\"1\" class=\"button product_type_simple add_to_cart_button ajax_add_to_cart\" data-product_id=\"2751\" data-product_sku=\"\" aria-label=\"A\u00f1adir al carrito: \u201cTableta Android PRITOM 15 de 10,1 inch, 16 GB de RAM, 64 GB de ROM, con funda con teclado y bol\u00edgrafo, c\u00e1mara doble, bater\u00eda de 8MP, 6000mAh, regalo Ideal para la escuela y el d\u00eda a d\u00eda\u201d\" rel=\"nofollow\" data-success_message=\"\u00abTableta Android PRITOM 15 de 10,1 inch, 16 GB de RAM, 64 GB de ROM, con funda con teclado y bol\u00edgrafo, c\u00e1mara doble, bater\u00eda de 8MP, 6000mAh, regalo Ideal para la escuela y el d\u00eda a d\u00eda\u00bb se ha a\u00f1adido a tu carrito\" data-no-translation=\"\" data-trp-gettext=\"\" data-no-translation-aria-label=\"\" data-no-translation-data-success_message=\"\">A\u00f1adir al carrito<\/a>\t<span id=\"woocommerce_loop_add_to_cart_link_describedby_2751\" class=\"screen-reader-text\">\n\t\t\t<\/span>\n<a href=\"https:\/\/broadbuy.shop\/es\/checkout\/?buy-now=2751\" data-quantity=\"1\" class=\"wpcbn-btn wpcbn-btn-archive button product_type_simple add_to_cart_button\" data-product_id=\"2751\" rel=\"nofollow\">Buy now<\/a><\/li>\n<\/ul>\n<\/div><\/div>\n\t\t\t\t\t\t<\/div>\n\t\t\t\t<\/div>\n\t\t\t\t\t<\/div>\n\t\t\t\t<\/div>\n\t\t\t\t<\/div>","protected":false},"excerpt":{"rendered":"<p>Your One-Stop Shop DeliveredExplore electronics,home goods, and more.Shop Now \ud83d\ude9a Free Shipping Enjoy fast &#038; free shipping on all orders. \ud83d\udee1\ufe0f Secure Checkout Your payment is encrypted &#038; protected. \ud83d\udcac Support 24\/7 We&#8217;re here whenever you need gb. \ud83d\udd52 Fast Processing Orders are packed &#038; shipped same day.<\/p>","protected":false},"author":1,"featured_media":0,"parent":0,"menu_order":0,"comment_status":"closed","ping_status":"closed","template":"","meta":{"_acf_changed":false,"footnotes":""},"class_list":["post-983","page","type-page","status-publish","hentry"],"acf":[],"_hostinger_reach_plugin_has_subscription_block":false,"_hostinger_reach_plugin_is_elementor":false,"_links":{"self":[{"href":"https:\/\/broadbuy.shop\/es\/wp-json\/wp\/v2\/pages\/983","targetHints":{"allow":["GET"]}}],"collection":[{"href":"https:\/\/broadbuy.shop\/es\/wp-json\/wp\/v2\/pages"}],"about":[{"href":"https:\/\/broadbuy.shop\/es\/wp-json\/wp\/v2\/types\/page"}],"author":[{"embeddable":true,"href":"https:\/\/broadbuy.shop\/es\/wp-json\/wp\/v2\/users\/1"}],"replies":[{"embeddable":true,"href":"https:\/\/broadbuy.shop\/es\/wp-json\/wp\/v2\/comments?post=983"}],"version-history":[{"count":0,"href":"https:\/\/broadbuy.shop\/es\/wp-json\/wp\/v2\/pages\/983\/revisions"}],"wp:attachment":[{"href":"https:\/\/broadbuy.shop\/es\/wp-json\/wp\/v2\/media?parent=983"}],"curies":[{"name":"wp","href":"https:\/\/api.w.org\/{rel}","templated":true}]}}